{"id":50674,"date":"2017-05-18T16:47:11","date_gmt":"2017-05-18T16:47:11","guid":{"rendered":"http:\/\/www.bitcodesoft.com\/?page_id=50674"},"modified":"2018-05-08T11:49:40","modified_gmt":"2018-05-08T11:49:40","slug":"privacy","status":"publish","type":"page","link":"https:\/\/www.bitcodesoft.com\/index.php\/privacy\/","title":{"rendered":"Pol\u00edtica de privacidad"},"content":{"rendered":"<div class=\"wpb-content-wrapper\"><p>[vc_row][vc_column][vc_column_text]<strong>Fecha de entrada en vigor: 08.05.2018<\/strong><\/p>\n<p>&nbsp;<\/p>\n<p>Esta Pol\u00edtica de Privacidad (\u201cPol\u00edtica de Privacidad\u201d) describe como Info Club Digital Systems, S.L., con domicilio en\u00a0 C\/Marqu\u00e9s de San Esteban 23, 1 , Gij\u00f3n, Asturias (\u201cBITCODESOFT\u201d), recoge, trata y utiliza informaci\u00f3n referente a usted. Somos los operadores de este sitio web y los proveedores de una serie de servicios de la misma. Ofrecemos una plataforma (incluyendo este Sitio Web, aplicaciones m\u00f3viles, etc.) en la que podemos exponer ofertas de servicios, software que ponemos a disposici\u00f3n directamente. Esta Pol\u00edtica de Privacidad se aplica a la informaci\u00f3n que recogemos a trav\u00e9s de nuestro Sitio Web, aplicaci\u00f3n m\u00f3vil, comunicaciones electr\u00f3nicas o servicios, o de otros Sitios Web que ofrecemos y que se encuentran enlazados o hacen referencia espec\u00edfica a la aplicabilidad de esta Pol\u00edtica de Privacidad (denominado en general el \u201cSitio Web\u201d). A lo largo de este documento nos llamaremos \u201cBITCODESOFT\u201d a nosotros mismos.<\/p>\n<p>&nbsp;<\/p>\n<p>Iremos actualizando peri\u00f3dicamente esta Pol\u00edtica de Privacidad para clarificar nuestras pr\u00e1cticas y para reflejar nuevas o diferentes pr\u00e1cticas de privacidad, como por ejemplo cuando a\u00f1adamos nuevos servicios, funciones o prestaciones al Sitio Web. Si realiz\u00e1ramos cualquier cambio en su contenido se lo notificaremos, ya sea por correo electr\u00f3nico (enviado a la direcci\u00f3n que nos indique en su cuenta), a trav\u00e9s de avisos en el Sitio Web o de alguna otra forma. Puede determinar cuando entr\u00f3 en vigor esta Pol\u00edtica de Privacidad recurriendo a la \u201cFecha de entrada en vigor\u201d al principio del documento.<\/p>\n<h5>1. Situaciones en las que recogemos informaci\u00f3n<\/h5>\n<p>Si interact\u00faa con nosotros a trav\u00e9s del Sitio Web podemos recabar y mantener la siguiente informaci\u00f3n sobre usted y referente a usted:<\/p>\n<p>su correo electr\u00f3nico, direcci\u00f3n y la contrase\u00f1a de acceso al Sitio Web;<\/p>\n<p>sus datos de pago, facturaci\u00f3n y direcci\u00f3n de entrega;<\/p>\n<p>sus n\u00fameros de tel\u00e9fono y fecha de nacimiento (opcional);<\/p>\n<p>su ubicaci\u00f3n, las preferencias de navegaci\u00f3n del sitio web (por ejemplo, a trav\u00e9s de cookies) y el historial de compras para proporcionarle informaci\u00f3n personalizada en el Sitio Web y (opcional) newsletters;<\/p>\n<p>otra informaci\u00f3n que nos env\u00ede voluntariamente o que podamos deducir sobre usted gracias a su interacci\u00f3n con nuestro sitio Web y nuestros servicios.<\/p>\n<p>Puede interactuar con nosotros si por ejemplo:<\/p>\n<p>se registra, suscribe, autoriza la transferencia de o crea una cuenta para nuestro Sitio Web;<\/p>\n<p>abre o responde correos electr\u00f3nicos;<\/p>\n<p>proporciona informaci\u00f3n para apuntarse o participar en programas ofrecidos por cuenta de o conjuntamente con otras Empresas Vendedoras, Empresarios, comercializadores colaboradores, distribuidores, revendedores y otros colaboradores comerciales, con su consentimiento o como paso necesario para ofrecer los servicios que haya solicitado;<\/p>\n<p>visita cualquier p\u00e1gina en l\u00ednea que muestre nuestros anuncios o contenido;<\/p>\n<p>compra productos o servicios mediante o a trav\u00e9s del sitio Web;<\/p>\n<p>conecta con o enlaza con el Sitio Web a trav\u00e9s de herramientas de redes sociales; y<\/p>\n<p>publica comentarios sobre el Sitio Web.<\/p>\n<h5>2. Sus opciones<\/h5>\n<p>Puede gestionar la clase de datos personales que nos env\u00eda y limitar los medios con los que nos comunicamos con usted. Sin embargo, consideramos que cuanta mas informaci\u00f3n tengamos sobre usted y sus gustos y preferencias, mejor y m\u00e1s personalizada ser\u00e1 su experiencia con nuestro Sitio Web y con los servicios.<\/p>\n<p>&nbsp;<\/p>\n<p>Puede configurar sus preferencias de notificaci\u00f3n y correo electr\u00f3nico entrando en su cuenta a trav\u00e9s del Sitio Web. Puede desactivar nuestro uso relacionado con determinados datos de ubicaci\u00f3n a trav\u00e9s de los ajustes de su navegador o dispositivo, por ejemplo, desactivando los servicios de \u201cLocalizaci\u00f3n\u201d de la aplicaci\u00f3n de BITCODESOFT en los ajustes de privacidad de iOS Tambi\u00e9n puede configurar sus suscripciones siguiendo las instrucciones de configuraci\u00f3n de suscripci\u00f3n recogidas en cualquiera de los correos electr\u00f3nicos comerciales que le enviamos. Puede decidir suscribirse a algunos tipos de mensajes, al igual que puede decidir no hacerlo, o puede darse de baja de otros. Puede actualizar sus preferencias de suscripci\u00f3n en cualquier momento. Le rogamos tenga en cuenta que aunque decida no suscribirse o se d\u00e9 de baja de los correos electr\u00f3nicos promocionales o newsletters puede que sigamos necesitando contactar con usted con informaci\u00f3n importante sobre transacciones relativas a su cuenta y a sus compras. Por ejemplo, aunque se d\u00e9 de baja de nuestros correos promocionales, seguiremos enviando confirmaciones cuando compre en el Sitio Web.<\/p>\n<p>&nbsp;<\/p>\n<p>Puede configurar la forma en que su navegador gestiona las cookies mediante sus opciones de privacidad y seguridad. Cada navegador es diferente, por lo que ha de leer sus respectivas instrucciones para informarse sobre la configuraci\u00f3n de las cookies y de otros aspectos de privacidad y seguridad de los que puedan disponer. Le rogamos que siga el enlace a la Pol\u00edtica de Cookies para obtener informaci\u00f3n m\u00e1s detallada. Tambi\u00e9n puede configurar la manera en que su dispositivo m\u00f3vil y su navegador m\u00f3vil comparten informaci\u00f3n con nosotros en y sobre sus dispositivos, as\u00ed como la forma en que su navegador m\u00f3vil trata las cookies ajustando la configuraci\u00f3n de seguridad en su dispositivo m\u00f3vil.<\/p>\n<p>&nbsp;<\/p>\n<p>Tambi\u00e9n puede configurar la forma en que se comparten algunos datos personales cuando se conecta a la plataforma o la aplicaci\u00f3n de alguna red social. Le rogamos que lea la Cl\u00e1usula 9 y tambi\u00e9n la pol\u00edtica de privacidad y configuraci\u00f3n de la p\u00e1gina Web de la red social o la aplicaci\u00f3n para determinar c\u00f3mo se pueden ajustar nuestros permisos y gestionar la interactividad entre nosotros y su cuenta en la red social o su dispositivo m\u00f3vil.<\/p>\n<p>&nbsp;<\/p>\n<p>Si se suscribe para recibir comunicaciones personalizadas por correo electr\u00f3nico con ofertas de servicios y productos, nos esforzaremos para que usted reciba la informaci\u00f3n m\u00e1s relevante, y personalizaremos las comunicaciones bas\u00e1ndonos en la informaci\u00f3n que usted comparte con nosotros, su localizaci\u00f3n, las preferencias de navegaci\u00f3n en el Sitio Web (usando las cookies, por ejemplo), el historial de compras o en otros atributos de su relaci\u00f3n con nosotros. Puede rechazar y borrar cookies y darse de baja de las comunicaciones en cualquier momento haciendo click en los enlaces en cada suscripci\u00f3n de la que desee darse de baja.<\/p>\n<h5>3. C\u00f3mo usamos la informaci\u00f3n<\/h5>\n<p>Tratamos datos personales con los siguientes objetivos:<\/p>\n<p>Operar, mantener y mejorar el Sitio Web;<\/p>\n<p>Ofrecerle iniciativas personalizadas de marketing directo v\u00eda correo electr\u00f3nico o notificaciones push en dispositivos m\u00f3viles y ofertas de marketing directo, incluyendo, con su consentimiento, el uso de los datos de localizaci\u00f3n para notificarle ofertas personalizadas basadas en su ubicaci\u00f3n<\/p>\n<p>Facilitar y procesar pedidos, por ejemplo de software y servicios;<\/p>\n<p>Determinar su adecuaci\u00f3n para ciertos tipos de ofertas, productos o servicios que puedan ser de su inter\u00e9s, y analizar la efectividad de los anuncios;<\/p>\n<p>Contestar a sus preguntas y atender sus solicitudes;<\/p>\n<p>Establecer y analizar perfiles individuales, de grupo y de comportamiento del consumidor;<\/p>\n<p>Comunicar y proporcionar informaci\u00f3n adicional que pueda ser de su inter\u00e9s acerca de nosotros, las Empresas Vendedoras o Empresarios;<\/p>\n<p>Enviarle recordatorios, avisos t\u00e9cnicos, actualizaciones, alertas de seguridad, mensajes de soporte y administrativos, boletines de servicio, mensajes de marketing, e informaci\u00f3n solicitada, incluyendo aquella en nombre de nuestros colaboradores comerciales;<\/p>\n<p>Administrar premios, estudios, concursos u otras actividades o eventos promocionales;<\/p>\n<p>Gestionar nuestras tareas comerciales diarias, como la administraci\u00f3n del sitio Web, foros, el cumplimiento, la anal\u00edtica, la prevenci\u00f3n de fraudes y el cumplimiento de nuestras obligaciones corporativas de informaci\u00f3n y de los T\u00e9rminos de Uso o para cumplir con la legislaci\u00f3n;<\/p>\n<p>Cumplir con nuestras obligaciones legales, resolver disputas y ejecutar nuestros acuerdos;<\/p>\n<p>Permitirle que se presente a una oferta de trabajo, publique un v\u00eddeo o se apunte a ofertas especiales de Empresarios y otros colaboradores comerciales a trav\u00e9s del sitio Web; y<\/p>\n<p>Mejorar el resto de la informaci\u00f3n que tengamos acerca de usted para que podamos comprenderle mejor, determinar sus intereses y le podamos ofrecer los servicios m\u00e1s relevantes y atractivos.<\/p>\n<h5>4. Cuando y por qu\u00e9 revelamos informaci\u00f3n<\/h5>\n<p>Nuestra actividad no consiste en vender o alquilar datos personales. No comunicaremos\u00a0 sus datos personales, excepto en los siguientes casos, y siempre de conformidad con lo estipulado en la legislaci\u00f3n aplicable:<\/p>\n<p>cuando sea necesario para cumplir las obligaciones contractuales con usted a trav\u00e9s de colaboradores comerciales desde el momento en que usted haya comprado o adquirido un producto en BITCODESOFT, productos o servicios ofrecidos por un colaborador comercial o haya participado en una oferta, concurso u otra actividad o programa patrocinado u ofrecido por nosotros o las Empresas Vendedoras en nombre de un colaborador comercial;<\/p>\n<p>en caso de fusi\u00f3n, adquisici\u00f3n o reorganizaci\u00f3n con un comprador de nuestra empresa o de todos o gran parte de nuestros recursos;<\/p>\n<p>para cumplir con las disposiciones legales y las solicitudes de la administraci\u00f3n p\u00fablica, o en la medida en que sea necesario respecto a funciones de auditor\u00eda, control y gobierno corporativo;<\/p>\n<p>para combatir el fraude o actividades delictivas, y para proteger nuestros derechos, colaboradores comerciales y usuarios, o como parte de procesos judiciales que afecten a BITCODESOFT;<\/p>\n<p>en respuesta a una citaci\u00f3n o proceso judicial, incluyendo las diferentes instituciones p\u00fablicas de control, los reguladores y los tribunales, o<\/p>\n<p>con su consentimiento o de la forma que en su caso requiera o permita la ley.<\/p>\n<h5>5. C\u00f3mo recopilamos la informaci\u00f3n<\/h5>\n<p>Usted nos proporciona datos personales al registrarse, suscribirse, crear una cuenta, realizar una compra o canjear cupones, o cuando se comunica o contacta activamente con nosotros de cualquier otra manera. Por ejemplo, usted nos proporciona datos personales cuando se pone en contacto con nosotros para recibir atenci\u00f3n al cliente u otras ayudas usando las herramientas de autoayuda, como el correo electr\u00f3nico, texto o cuando publica en comunidades en l\u00ednea.<\/p>\n<p>&nbsp;<\/p>\n<p>Tambi\u00e9n nos proporciona datos personales cuando interact\u00faa a trav\u00e9s del sitio Web v\u00eda cookies y otras tecnolog\u00edas descritas en nuestra Pol\u00edtica de Cookies. Con su consentimiento, nosotros tambi\u00e9n recopilamos datos de localizaci\u00f3n (incluyendo geolocalizaci\u00f3n y localizaci\u00f3n GPS) de acuerdo con la configuraci\u00f3n de su dispositivo m\u00f3vil. Tambi\u00e9n podemos recopilar la localizaci\u00f3n precisa de su dispositivo cuando la aplicaci\u00f3n est\u00e1 funcionado en primer plano, segundo plano, o incluso si usted no est\u00e1 utilizando directamente la aplicaci\u00f3n, en funci\u00f3n de su dispositivo<\/p>\n<p>&nbsp;<\/p>\n<p>Tambi\u00e9n recibimos datos personales y otra informaci\u00f3n en l\u00ednea y fuera de l\u00ednea de nuestros colaboradores comerciales, los cuales nos pueden informar sobre canjes, recogidas o devoluciones y reembolsos. Utilizamos esta informaci\u00f3n de acuerdo con la legislaci\u00f3n aplicable y esta Pol\u00edtica de Privacidad.<\/p>\n<h5>6. Seguridad de los datos personales<\/h5>\n<p>Hemos implementado un programa de seguridad para la informaci\u00f3n que contiene controles administrativos, t\u00e9cnicos y f\u00edsicos que est\u00e1n dise\u00f1ados para salvaguardar nuestros datos personales, incluyendo los est\u00e1ndares industriales de tecnolog\u00eda de encriptaci\u00f3n.<\/p>\n<h5>7. Sus derechos en relaci\u00f3n con los Datos Personales; Contacte con nosotros<\/h5>\n<p>Puede acceder, actualizar, rectificar y borrar la informaci\u00f3n que nos ha proporcionado en su perfil accediendo a su cuenta o contactando con nosotros en <a href=\"mailto:contacto@bitcodesoft.com\">contacto@bitcodesoft.com<\/a>.<\/p>\n<p>Mantener sus datos personales al d\u00eda nos ayuda a que podamos respetar sus preferencias y ofrecer los productos y servicios que sean m\u00e1s relevantes para usted.<\/p>\n<p>&nbsp;<\/p>\n<p>Conforme a la legislaci\u00f3n aplicable, usted podr\u00e1 (i) requerir el acceso a cualquier dato personal que tengamos sobre usted y pedir que lo actualicemos, rectifiquemos, borremos o bloqueemos, (ii) requerir que nos abstengamos de seguir usando cualquier dato personal que tengamos de usted, y (iii) oponerse a que creemos perfiles de usuario sobre usted. Si tiene cualquier pregunta o comentario sobre nuestras pr\u00e1cticas de privacidad o esta Pol\u00edtica de Privacidad, si desea hacer uso de cualquiera de los derechos antes mencionados, o de cualquier otro derecho del que usted pueda disfrutar en relaci\u00f3n con sus datos personales, si deseara cerrar su cuenta BITCODESOFT o si tuviera otras preguntas o ruegos, le rogamos contacte connosotros en contacto@bitcodesoft.com.<\/p>\n<p>&nbsp;<\/p>\n<p>Aunque estamos dispuestos a ayudarle con la gesti\u00f3n de sus suscripciones, a cerrar su cuenta y a eliminar su perfil activo, no siempre podemos borrar la informaci\u00f3n de interacciones y transacciones anteriores. Por ejemplo, estamos obligados a mantener informaci\u00f3n relativa a compras anteriores en el Sitio Web obedeciendo a requisitos de informaci\u00f3n financiera y legal.<\/p>\n<h5>8. Mantenimiento de los datos personales<\/h5>\n<p>Mantendremos sus datos personales tanto tiempo como su cuenta est\u00e9 activa o sea necesario para proporcionarle servicios y para mantener un registro de sus transacciones que han de ser recogidas en los informes financieros. Tambi\u00e9n mantendremos sus datos personales tanto tiempo como sea necesario para cumplir con nuestras obligaciones legales, resolver disputas y ejecutar nuestros acuerdos.<\/p>\n<h5>9. Caracter\u00edsticas de red social<\/h5>\n<p>El sitio Web puede contener conexiones a zonas en las que puede publicar informaci\u00f3n, comunicarse con otros, como en los foros de discusi\u00f3n o los blogs, revisar productos y Empresarios, y publicar su propio contenido original. Antes de publicar en estas \u00e1reas, lea por favor nuestros T\u00e9rminos de Uso atentamente. Toda la informaci\u00f3n que publique puede ser accesible para cualquiera que disponga de un acceso a Internet, y cualquier informaci\u00f3n que incluya en su publicaci\u00f3n podr\u00e1 ser le\u00edda, recopilada y usada por otros. Por ejemplo, si publica su direcci\u00f3n de correo electr\u00f3nico junto con el comentario p\u00fablico sobre un restaurante, puede que reciba mensajes no deseados. Le recomendamos que evite publicar sus datos personales o datos de terceras personas.<\/p>\n<p>Conectarse a trav\u00e9s de redes sociales<\/p>\n<p>&nbsp;<\/p>\n<p>Ofrecemos a los usuarios de redes sociales la oportunidad de interactuar con amigos y compartir experiencias en las redes sociales. Si est\u00e1 conectado tanto al sitio Web como a la red social, cuando use las funciones de red social del sitio Web podr\u00e1 conectar su cuenta en la red social con su cuenta BITCODESOFT. Esto sucede autom\u00e1ticamente si la direcci\u00f3n de correo electr\u00f3nico coincide). Si la direcci\u00f3n de correo electr\u00f3nico no coincide, le preguntaremos si quiere enlazarlas y tendr\u00e1 que confirmar que usted es titular de las cuentas. Si ya est\u00e1 conectado en el sitio Web pero no en la red social, cuando use las funciones de red social del sitio Web se le pedir\u00e1 que introduzca sus credenciales de acceso a la red social o que se conecte a esta.<\/p>\n<p>&nbsp;<\/p>\n<p>Si actualmente no est\u00e1 registrado como usuario BITCODESOFT y usa las funciones de conexi\u00f3n de red social, se le pedir\u00e1 que introduzca sus credenciales de la red social y se le dar\u00e1 la opci\u00f3n de registrarse y unirse a BITCODESOFT. Una vez se haya registrado con nosotros y se conecte con la red social, podr\u00e1 publicar autom\u00e1ticamente su actividad reciente en BITCODESOFT en su red social. Por favor, utilice los ajustes de privacidad de su cuenta en la red social para gestionar qu\u00e9 datos se comparten a trav\u00e9s de su cuenta.<\/p>\n<p>&nbsp;<\/p>\n<p>Al usar la funci\u00f3n de conexi\u00f3n del sitio Web con la red social nos otorgar\u00e1 el permiso para acceder a todos los elementos de su perfil en la red social que haya dejado abiertos para ser compartidos (conforme a la configuraci\u00f3n elegida en el perfil de su red social) y para usarlos de acuerdo con los t\u00e9rminos de uso y la Pol\u00edtica de Privacidad de la red social.<\/p>\n<h5>10.Pr\u00e1cticas de privacidad de terceros.<\/h5>\n<p>Esta Pol\u00edtica de Privacidad solo se refiere a la recogida, tratamiento y uso (incluyendo la comunicaci\u00f3n) de informaci\u00f3n por nuestra parte a trav\u00e9s de su interacci\u00f3n con el Sitio Web. Otras p\u00e1ginas Web a las que se pueda acceder a trav\u00e9s de enlaces desde el Sitio Web pueden tener sus propias pol\u00edticas de privacidad y de recogida de informaci\u00f3n personal, as\u00ed como sus pr\u00e1cticas de tratamiento, uso y publicaci\u00f3n. Nuestros colaboradores comerciales tambi\u00e9n pueden tener sus propias pol\u00edticas de privacidad. Le animamos a que se familiarice con las pol\u00edticas de privacidad ofrecidas por estos terceros antes de entregarles informaci\u00f3n o de aprovechar una oferta patrocinada o promoci\u00f3n.[\/vc_column_text][\/vc_column][\/vc_row]<\/p>\n<\/div>","protected":false},"excerpt":{"rendered":"<p>[vc_row][vc_column][vc_column_text]Fecha de entrada en vigor: 08.05.2018 &nbsp; Esta Pol\u00edtica de Privacidad (\u201cPol\u00edtica de Privacidad\u201d) describe como Info Club Digital Systems, S.L., con domicilio en\u00a0 C\/Marqu\u00e9s de San Esteban 23, 1 , Gij\u00f3n, Asturias (\u201cBITCODESOFT\u201d), recoge, trata y utiliza informaci\u00f3n referente a usted. Somos los operadores de este sitio web y los proveedores de una serie&hellip;<\/p>\n","protected":false},"author":1,"featured_media":0,"parent":0,"menu_order":0,"comment_status":"closed","ping_status":"closed","template":"","meta":{"footnotes":""},"class_list":["post-50674","page","type-page","status-publish","hentry","description-off"],"_links":{"self":[{"href":"https:\/\/www.bitcodesoft.com\/index.php\/wp-json\/wp\/v2\/pages\/50674","targetHints":{"allow":["GET"]}}],"collection":[{"href":"https:\/\/www.bitcodesoft.com\/index.php\/wp-json\/wp\/v2\/pages"}],"about":[{"href":"https:\/\/www.bitcodesoft.com\/index.php\/wp-json\/wp\/v2\/types\/page"}],"author":[{"embeddable":true,"href":"https:\/\/www.bitcodesoft.com\/index.php\/wp-json\/wp\/v2\/users\/1"}],"replies":[{"embeddable":true,"href":"https:\/\/www.bitcodesoft.com\/index.php\/wp-json\/wp\/v2\/comments?post=50674"}],"version-history":[{"count":8,"href":"https:\/\/www.bitcodesoft.com\/index.php\/wp-json\/wp\/v2\/pages\/50674\/revisions"}],"predecessor-version":[{"id":51039,"href":"https:\/\/www.bitcodesoft.com\/index.php\/wp-json\/wp\/v2\/pages\/50674\/revisions\/51039"}],"wp:attachment":[{"href":"https:\/\/www.bitcodesoft.com\/index.php\/wp-json\/wp\/v2\/media?parent=50674"}],"curies":[{"name":"wp","href":"https:\/\/api.w.org\/{rel}","templated":true}]}}