{"id":50681,"date":"2017-05-18T17:51:40","date_gmt":"2017-05-18T17:51:40","guid":{"rendered":"http:\/\/www.bitcodesoft.com\/?page_id=50681"},"modified":"2017-05-18T18:33:16","modified_gmt":"2017-05-18T18:33:16","slug":"cookies","status":"publish","type":"page","link":"https:\/\/www.bitcodesoft.com\/index.php\/cookies\/","title":{"rendered":"Pol\u00edtica de Cookies"},"content":{"rendered":"<div class=\"wpb-content-wrapper\"><p>[vc_row][vc_column][vc_column_text]<strong>Informaci\u00f3n importante sobre el consentimiento:\u00a0<\/strong>al aceptar el aviso sobre el uso de cookies que aparece al acceder a este sitio Web (\u00abSitio\u00bb) por primera vez, usted consiente el uso de cookies en nuestro Sitio o en nuestra aplicaci\u00f3n m\u00f3vil, o en los servicios que se proveen a trav\u00e9s del Sitio, conforme a esta \u201cPol\u00edtica de cookies\u201d. Algunas de las cookies que utilizamos (cookies operativamente necesarias, cookies de funcionamiento, cookies de rendimiento) est\u00e1n exentas de la necesidad de obtener su consentimiento. Por ello, solo solicitamos su consentimiento para aquellas cookies que no est\u00e1n exentas de la necesidad de consentimiento para su instalaci\u00f3n. Puede revocar su consentimiento en cualquier momento eliminando las cookies de sus dispositivos, y\/o modificando la configuraci\u00f3n de cookies en su navegador o dispositivo. Tenga en cuenta que algunas partes de nuestro Sitio y de otros sitios web y aplicaciones m\u00f3viles pueden no funcionar correctamente si usted inhabilita el uso de cookies.<\/p>\n<p><strong>\u00bfEn qu\u00e9 consiste la Pol\u00edtica de Cookies?<\/strong><\/p>\n<p>Esta Pol\u00edtica de Cookies establece la forma en que BITCODESOFT, y terceros autorizados por nosotros, usan cookies cuando usted interact\u00faa con nuestro Sitio o los servicios que se proveen a trav\u00e9s del Sitio. Le rogamos que tenga en cuenta que esta pol\u00edtica de cookies es parte de nuestra\u00a0<a href=\" https:\/\/www.bitcodesoft.com\/index.php\/privacy\/\">Pol\u00edtica de Privacidad<\/a>, y deber\u00eda leerse en conexi\u00f3n con \u00e9sta. Nuestra Pol\u00edtica de Privacidad explica qu\u00e9 hacemos (y lo qu\u00e9 no hacemos) con la informaci\u00f3n, incluyendo cualquier dato personal que pudi\u00e9ramos recoger sobre usted. Le rogamos que lea ambas.<\/p>\n<p><strong>\u00bfQu\u00e9 son las cookies?<\/strong><\/p>\n<p>Las cookies son identificadores \u00fanicos, formados normalmente por peque\u00f1os trozos de texto o c\u00f3digo. Se almacenan habitualmente en su dispositivo o en su navegador y env\u00edan cierta informaci\u00f3n de vuelta al que instala la cookie. Cuando hablamos de cookies nos referimos en realidad a un espectro de tecnolog\u00edas m\u00e1s amplio que las cookies en s\u00ed mismas, incluyendo rastreadores web, gifts transparentes, p\u00edxels y otras tecnolog\u00edas similares. Cuando hablamos de cookies propias nos referimos a las cookies instaladas por BITCODESOFT. Cuando hablamos de cookies de terceros nos referimos a cookies instaladas por terceros que no forman parte de BITCODESOFT.<\/p>\n<p><strong>\u00bfPara qu\u00e9 sirven las cookies?<\/strong><\/p>\n<p>Las cookies sirven para comprender mejor c\u00f3mo trabajan las aplicaciones y los sitios web, y para optimizar la experiencia online y m\u00f3vil. Las cookies hacen esto al permitir que el que las instala analice el rendimiento de una p\u00e1gina Web o de una aplicaci\u00f3n m\u00f3vil, para identificar a ciertos usuarios an\u00f3nimamente y recordar sus preferencias, para reconocer mejor si un ordenador o dispositivo (y probablemente su usuario) ha visitado una p\u00e1gina web con anterioridad y para servir anuncios personalizados.<\/p>\n<p><strong>\u00bfQu\u00e9 clases de cookies se usan en el Sitio?<\/strong><\/p>\n<p>Nuestro Sitio utiliza principalmente los siguientes tipos de cookies<\/p>\n<ol>\n<li><strong> Cookies operativamente necesarias<\/strong><\/li>\n<\/ol>\n<p>Estas cookies son esenciales para el funcionamiento de nuestro sitio. Hacen posible que usted pueda navegar y usar nuestro Sitio. Si deshabilita estas cookies el Sitio no funcionar\u00e1 correctamente.<\/p>\n<ol start=\"2\">\n<li><strong> Cookies de rendimiento<\/strong><\/li>\n<\/ol>\n<p>Estas cookies recogen informaci\u00f3n sobre c\u00f3mo los visitantes usan el Sitio y monitorizan el rendimiento del Sitio. Por ejemplo, las cookies de rendimiento nos informan sobre qu\u00e9 p\u00e1ginas son populares, monitorizan el tr\u00e1fico a nuestro Sitio y compilan informaci\u00f3n anal\u00edtica an\u00f3nima. Las cookies de rendimiento tambi\u00e9n se pueden usar para identificar y remediar problemas operativos del Sitio.<\/p>\n<ol start=\"3\">\n<li><strong> Cookies de funcionamiento<\/strong><\/li>\n<\/ol>\n<p>Estas cookies se usan para reconocer y recordar sus preferencias. Por ejemplo, las cookies de funcionamiento pueden usar informaci\u00f3n tal como su localizaci\u00f3n, para asegurarse de que usted accede a una versi\u00f3n de nuestro Sitio espec\u00edfica para su ciudad o regi\u00f3n.<\/p>\n<ol start=\"4\">\n<li><strong> Cookies de publicidad<\/strong><\/li>\n<\/ol>\n<p>Nosotros permitimos que terceros instalen contenido publicitario personalizado en nuestro Sitio y\/o en p\u00e1ginas web y aplicaciones de terceros. Estos terceros usan cookies para analizar el inter\u00e9s de los visitantes o usuarios en los anuncios y el contenido que le instalan, as\u00ed como para servirle anuncios m\u00e1s relevantes para usted bas\u00e1ndose en su actividad en nuestro Sitio. Por ejemplo, las cookies de terceros pueden recopilar informaci\u00f3n sobre si ha clicado sobre cierto contenido o anuncio en nuestro Sitio o en otras p\u00e1ginas Web, o ha incluido un producto de nuestro Sitio en su carro de la compra.<\/p>\n<p>No tenemos control ni acceso a las cookies de publicidad de terceros o a la informaci\u00f3n que puedan contener. Los terceros gestionan cualquier informaci\u00f3n que puedan recopilar a trav\u00e9s de las cookies que instalan de acuerdo con sus pol\u00edticas de privacidad.<\/p>\n<p>Usted puede optar por rechazar las cookies de publicidad personalizada de terceros (pero recuerde que le seguir\u00e1 apareciendo publicidad en l\u00ednea). Para saber m\u00e1s sobre c\u00f3mo rechazar el uso de tales cookies de publicidad personalizada de terceros en la UE, visite www.youronlinechoices.eu.<\/p>\n<p><strong>\u00bfHay otras formas de evitar las cookies?<\/strong><\/p>\n<p>Tambi\u00e9n puede evitar algunas cookies configurando las opciones de su navegador o rechaz\u00e1ndolas directamente ante el tercero que opera y controla las cookies. Le rogamos que compruebe las opciones de su navegador para obtener m\u00e1s informaci\u00f3n.<\/p>\n<p><strong>\u00bfHay cookies en los correos electr\u00f3nicos?<\/strong><\/p>\n<p>Nuestros correos electr\u00f3nicos contienen cookies que comprueban si abre nuestros correos electr\u00f3nicos y si pulsa en los enlaces que contienen. Las cookies que usamos en nuestros correos electr\u00f3nicos para monitorizar tales comportamientos son exclusivas de cada correo electr\u00f3nico y no se guardan en su ordenador o su dispositivo m\u00f3vil.<\/p>\n<p><strong>\u00bfQu\u00e9 ocurre si tengo m\u00e1s preguntas?<\/strong><\/p>\n<p>Le rogamos que se ponga en\u00a0<a href=\"mailto:contacto@bitcodesoft.com\">contacto<\/a>\u00a0con BITCODESOFT si tiene cualquier pregunta despu\u00e9s de leer esta Pol\u00edtica de Cookies.[\/vc_column_text][\/vc_column][\/vc_row]<\/p>\n<\/div>","protected":false},"excerpt":{"rendered":"<p>[vc_row][vc_column][vc_column_text]Informaci\u00f3n importante sobre el consentimiento:\u00a0al aceptar el aviso sobre el uso de cookies que aparece al acceder a este sitio Web (\u00abSitio\u00bb) por primera vez, usted consiente el uso de cookies en nuestro Sitio o en nuestra aplicaci\u00f3n m\u00f3vil, o en los servicios que se proveen a trav\u00e9s del Sitio, conforme a esta \u201cPol\u00edtica de&hellip;<\/p>\n","protected":false},"author":1,"featured_media":0,"parent":0,"menu_order":0,"comment_status":"closed","ping_status":"closed","template":"","meta":{"footnotes":""},"class_list":["post-50681","page","type-page","status-publish","hentry","description-off"],"_links":{"self":[{"href":"https:\/\/www.bitcodesoft.com\/index.php\/wp-json\/wp\/v2\/pages\/50681","targetHints":{"allow":["GET"]}}],"collection":[{"href":"https:\/\/www.bitcodesoft.com\/index.php\/wp-json\/wp\/v2\/pages"}],"about":[{"href":"https:\/\/www.bitcodesoft.com\/index.php\/wp-json\/wp\/v2\/types\/page"}],"author":[{"embeddable":true,"href":"https:\/\/www.bitcodesoft.com\/index.php\/wp-json\/wp\/v2\/users\/1"}],"replies":[{"embeddable":true,"href":"https:\/\/www.bitcodesoft.com\/index.php\/wp-json\/wp\/v2\/comments?post=50681"}],"version-history":[{"count":3,"href":"https:\/\/www.bitcodesoft.com\/index.php\/wp-json\/wp\/v2\/pages\/50681\/revisions"}],"predecessor-version":[{"id":50689,"href":"https:\/\/www.bitcodesoft.com\/index.php\/wp-json\/wp\/v2\/pages\/50681\/revisions\/50689"}],"wp:attachment":[{"href":"https:\/\/www.bitcodesoft.com\/index.php\/wp-json\/wp\/v2\/media?parent=50681"}],"curies":[{"name":"wp","href":"https:\/\/api.w.org\/{rel}","templated":true}]}}