{"id":51056,"date":"2018-05-24T20:43:18","date_gmt":"2018-05-24T20:43:18","guid":{"rendered":"https:\/\/www.bitcodesoft.com\/?page_id=51056"},"modified":"2018-05-24T21:32:22","modified_gmt":"2018-05-24T21:32:22","slug":"bajas","status":"publish","type":"page","link":"https:\/\/www.bitcodesoft.com\/index.php\/bajas\/","title":{"rendered":"Eliminar cuenta"},"content":{"rendered":"<div class=\"wpb-content-wrapper\"><p>[vc_row][vc_column][vc_column_text]Antes de iniciar el proceso debes estar totalmente seguro de que no volver\u00e1s a ingresar a Bitcodesoft con esta cuenta, porque una vez que lo elimines ya no la podr\u00e1s recuperar y toda tu informaci\u00f3n ser\u00e1 borrada, lo que incluye tu perfil con las descargas disponibles. Si est\u00e1s decidido introduce tu contrase\u00f1a y pulsa sobre confirmar borrado:<\/p>\n<p>[plugin_delete_me]Eliminar cuenta[\/plugin_delete_me][\/vc_column_text][\/vc_column][\/vc_row]<\/p>\n<\/div>","protected":false},"excerpt":{"rendered":"<p>[vc_row][vc_column][vc_column_text]Antes de iniciar el proceso debes estar totalmente seguro de que no volver\u00e1s a ingresar a Bitcodesoft con esta cuenta, porque una vez que lo elimines ya no la podr\u00e1s recuperar y toda tu informaci\u00f3n ser\u00e1 borrada, lo que incluye tu perfil con las descargas disponibles. Si est\u00e1s decidido introduce tu contrase\u00f1a y pulsa sobre&hellip;<\/p>\n","protected":false},"author":1,"featured_media":0,"parent":0,"menu_order":0,"comment_status":"closed","ping_status":"closed","template":"","meta":{"footnotes":""},"class_list":["post-51056","page","type-page","status-publish","hentry","description-off"],"_links":{"self":[{"href":"https:\/\/www.bitcodesoft.com\/index.php\/wp-json\/wp\/v2\/pages\/51056","targetHints":{"allow":["GET"]}}],"collection":[{"href":"https:\/\/www.bitcodesoft.com\/index.php\/wp-json\/wp\/v2\/pages"}],"about":[{"href":"https:\/\/www.bitcodesoft.com\/index.php\/wp-json\/wp\/v2\/types\/page"}],"author":[{"embeddable":true,"href":"https:\/\/www.bitcodesoft.com\/index.php\/wp-json\/wp\/v2\/users\/1"}],"replies":[{"embeddable":true,"href":"https:\/\/www.bitcodesoft.com\/index.php\/wp-json\/wp\/v2\/comments?post=51056"}],"version-history":[{"count":3,"href":"https:\/\/www.bitcodesoft.com\/index.php\/wp-json\/wp\/v2\/pages\/51056\/revisions"}],"predecessor-version":[{"id":51061,"href":"https:\/\/www.bitcodesoft.com\/index.php\/wp-json\/wp\/v2\/pages\/51056\/revisions\/51061"}],"wp:attachment":[{"href":"https:\/\/www.bitcodesoft.com\/index.php\/wp-json\/wp\/v2\/media?parent=51056"}],"curies":[{"name":"wp","href":"https:\/\/api.w.org\/{rel}","templated":true}]}}