{"id":51062,"date":"2018-05-24T22:00:55","date_gmt":"2018-05-24T22:00:55","guid":{"rendered":"https:\/\/www.bitcodesoft.com\/index.php\/rgpd-solicitar-datos-personales\/"},"modified":"2018-05-24T22:00:55","modified_gmt":"2018-05-24T22:00:55","slug":"rgpd-solicitar-datos-personales","status":"publish","type":"page","link":"https:\/\/www.bitcodesoft.com\/index.php\/rgpd-solicitar-datos-personales\/","title":{"rendered":"RGPD &#8211; Solicitar datos personales"},"content":{"rendered":"    <form method=\"post\">\n\t\tCorreo electr\u00f3nico:<br>\n        <input type=\"email\" name=\"email\" required>\n        <br><br>\n        <input type=\"checkbox\" name=\"checkbox_gdpr\" id=\"checkbox_gdpr\" required>\n        <label for=\"checkbox_gdpr\">\n\t\t\tDoy mi consentimiento para que Bitcodesoft recopile mi correo electr\u00f3nico para que puedan enviarme la informaci\u00f3n solicitada.\r\nPara obtener m\u00e1s informaci\u00f3n, consulte nuestra pol\u00edtica de privacidad donde obtendr\u00e1 m\u00e1s informaci\u00f3n sobre d\u00f3nde, c\u00f3mo y por qu\u00e9 almacenamos sus datos.        <\/label>\n        <br><br>\n        <input type=\"hidden\" name=\"gdpr_translation\" value=\"es\">\n        <input type=\"hidden\" name=\"mail_action\" value=\"gdpr\">\n        <input type=\"submit\" name=\"gdpr_req\" value=\"Enviar\">\n    <\/form>\n\n\n\n","protected":false},"excerpt":{"rendered":"","protected":false},"author":1,"featured_media":0,"parent":0,"menu_order":0,"comment_status":"closed","ping_status":"closed","template":"","meta":{"footnotes":""},"class_list":["post-51062","page","type-page","status-publish","hentry","description-off"],"_links":{"self":[{"href":"https:\/\/www.bitcodesoft.com\/index.php\/wp-json\/wp\/v2\/pages\/51062","targetHints":{"allow":["GET"]}}],"collection":[{"href":"https:\/\/www.bitcodesoft.com\/index.php\/wp-json\/wp\/v2\/pages"}],"about":[{"href":"https:\/\/www.bitcodesoft.com\/index.php\/wp-json\/wp\/v2\/types\/page"}],"author":[{"embeddable":true,"href":"https:\/\/www.bitcodesoft.com\/index.php\/wp-json\/wp\/v2\/users\/1"}],"replies":[{"embeddable":true,"href":"https:\/\/www.bitcodesoft.com\/index.php\/wp-json\/wp\/v2\/comments?post=51062"}],"version-history":[{"count":0,"href":"https:\/\/www.bitcodesoft.com\/index.php\/wp-json\/wp\/v2\/pages\/51062\/revisions"}],"wp:attachment":[{"href":"https:\/\/www.bitcodesoft.com\/index.php\/wp-json\/wp\/v2\/media?parent=51062"}],"curies":[{"name":"wp","href":"https:\/\/api.w.org\/{rel}","templated":true}]}}