{"id":50605,"date":"2017-05-13T20:44:54","date_gmt":"2017-05-13T20:44:54","guid":{"rendered":"http:\/\/www.bitcodesoft.com\/?post_type=product&#038;p=50605"},"modified":"2026-02-19T22:52:53","modified_gmt":"2026-02-19T22:52:53","slug":"vreports","status":"publish","type":"product","link":"https:\/\/www.bitcodesoft.com\/index.php\/producto\/vreports\/","title":{"rendered":"vReports"},"content":{"rendered":"<p>generador de informes externo. Contiene el dise\u00f1ador visual de informes, que se puede llamar desde el programa Velneo. El dise\u00f1ador proporciona al usuario todas las herramientas para el dise\u00f1o de un informe.<\/p>\n<p>&nbsp;<\/p>\n","protected":false},"excerpt":{"rendered":"<p>Gestor de informes<\/p>\n","protected":false},"featured_media":52250,"template":"","meta":[],"product_brand":[],"product_cat":[144,142,141],"product_tag":[171,173,172],"class_list":{"0":"post-50605","1":"product","2":"type-product","3":"status-publish","4":"has-post-thumbnail","6":"product_cat-plugins-velneo","7":"product_cat-velneo6","8":"product_cat-velneo7","9":"product_tag-informes","10":"product_tag-reports","11":"product_tag-velneo","12":"description-off","14":"first","15":"instock","16":"featured","17":"downloadable","18":"virtual","19":"taxable","20":"purchasable","21":"product-type-simple"},"_links":{"self":[{"href":"https:\/\/www.bitcodesoft.com\/index.php\/wp-json\/wp\/v2\/product\/50605","targetHints":{"allow":["GET"]}}],"collection":[{"href":"https:\/\/www.bitcodesoft.com\/index.php\/wp-json\/wp\/v2\/product"}],"about":[{"href":"https:\/\/www.bitcodesoft.com\/index.php\/wp-json\/wp\/v2\/types\/product"}],"wp:featuredmedia":[{"embeddable":true,"href":"https:\/\/www.bitcodesoft.com\/index.php\/wp-json\/wp\/v2\/media\/52250"}],"wp:attachment":[{"href":"https:\/\/www.bitcodesoft.com\/index.php\/wp-json\/wp\/v2\/media?parent=50605"}],"wp:term":[{"taxonomy":"product_brand","embeddable":true,"href":"https:\/\/www.bitcodesoft.com\/index.php\/wp-json\/wp\/v2\/product_brand?post=50605"},{"taxonomy":"product_cat","embeddable":true,"href":"https:\/\/www.bitcodesoft.com\/index.php\/wp-json\/wp\/v2\/product_cat?post=50605"},{"taxonomy":"product_tag","embeddable":true,"href":"https:\/\/www.bitcodesoft.com\/index.php\/wp-json\/wp\/v2\/product_tag?post=50605"}],"curies":[{"name":"wp","href":"https:\/\/api.w.org\/{rel}","templated":true}]}}