{"id":50621,"date":"2017-05-14T12:09:33","date_gmt":"2017-05-14T12:09:33","guid":{"rendered":"http:\/\/www.bitcodesoft.com\/?post_type=product&#038;p=50621"},"modified":"2022-07-15T22:47:49","modified_gmt":"2022-07-15T22:47:49","slug":"mesas","status":"publish","type":"product","link":"https:\/\/www.bitcodesoft.com\/index.php\/producto\/mesas\/","title":{"rendered":"Mesas"},"content":{"rendered":"<p>El plugin Mesas permite desde Velneo tener una imagen de la organizaci\u00f3n del sal\u00f3n con la posici\u00f3n real de las mesas<\/p>\n","protected":false},"excerpt":{"rendered":"<p>Gesti\u00f3n visual de salones<\/p>\n","protected":false},"featured_media":50623,"template":"","meta":[],"product_brand":[],"product_cat":[142],"product_tag":[],"class_list":{"0":"post-50621","1":"product","2":"type-product","3":"status-publish","4":"has-post-thumbnail","6":"product_cat-velneo6","7":"description-off","9":"first","10":"instock","11":"downloadable","12":"virtual","13":"taxable","14":"purchasable","15":"product-type-simple"},"_links":{"self":[{"href":"https:\/\/www.bitcodesoft.com\/index.php\/wp-json\/wp\/v2\/product\/50621","targetHints":{"allow":["GET"]}}],"collection":[{"href":"https:\/\/www.bitcodesoft.com\/index.php\/wp-json\/wp\/v2\/product"}],"about":[{"href":"https:\/\/www.bitcodesoft.com\/index.php\/wp-json\/wp\/v2\/types\/product"}],"wp:featuredmedia":[{"embeddable":true,"href":"https:\/\/www.bitcodesoft.com\/index.php\/wp-json\/wp\/v2\/media\/50623"}],"wp:attachment":[{"href":"https:\/\/www.bitcodesoft.com\/index.php\/wp-json\/wp\/v2\/media?parent=50621"}],"wp:term":[{"taxonomy":"product_brand","embeddable":true,"href":"https:\/\/www.bitcodesoft.com\/index.php\/wp-json\/wp\/v2\/product_brand?post=50621"},{"taxonomy":"product_cat","embeddable":true,"href":"https:\/\/www.bitcodesoft.com\/index.php\/wp-json\/wp\/v2\/product_cat?post=50621"},{"taxonomy":"product_tag","embeddable":true,"href":"https:\/\/www.bitcodesoft.com\/index.php\/wp-json\/wp\/v2\/product_tag?post=50621"}],"curies":[{"name":"wp","href":"https:\/\/api.w.org\/{rel}","templated":true}]}}