{"id":50628,"date":"2017-05-14T12:24:05","date_gmt":"2017-05-14T12:24:05","guid":{"rendered":"http:\/\/www.bitcodesoft.com\/?post_type=product&#038;p=50628"},"modified":"2026-02-28T13:50:18","modified_gmt":"2026-02-28T13:50:18","slug":"scheduler","status":"publish","type":"product","link":"https:\/\/www.bitcodesoft.com\/index.php\/producto\/scheduler\/","title":{"rendered":"Scheduler"},"content":{"rendered":"<p>Calendario QML que te permite agregar una agenda a tu aplicaci\u00f3n Velneo, crea eventos con un solo click del rat\u00f3n, arrastrar y soltar que permite a los usuarios gestionar sus citas o eventos de una forma r\u00e1pida e intuitiva.<\/p>\n","protected":false},"excerpt":{"rendered":"<p>Agenda tipo Google calendar<\/p>\n","protected":false},"featured_media":52254,"template":"","meta":[],"product_brand":[],"product_cat":[143,141],"product_tag":[175,176,174,172],"class_list":{"0":"post-50628","1":"product","2":"type-product","3":"status-publish","4":"has-post-thumbnail","6":"product_cat-qml-velneo","7":"product_cat-velneo7","8":"product_tag-agenda","9":"product_tag-calendario","10":"product_tag-qml","11":"product_tag-velneo","12":"description-off","14":"first","15":"instock","16":"featured","17":"downloadable","18":"virtual","19":"taxable","20":"purchasable","21":"product-type-simple"},"_links":{"self":[{"href":"https:\/\/www.bitcodesoft.com\/index.php\/wp-json\/wp\/v2\/product\/50628","targetHints":{"allow":["GET"]}}],"collection":[{"href":"https:\/\/www.bitcodesoft.com\/index.php\/wp-json\/wp\/v2\/product"}],"about":[{"href":"https:\/\/www.bitcodesoft.com\/index.php\/wp-json\/wp\/v2\/types\/product"}],"wp:featuredmedia":[{"embeddable":true,"href":"https:\/\/www.bitcodesoft.com\/index.php\/wp-json\/wp\/v2\/media\/52254"}],"wp:attachment":[{"href":"https:\/\/www.bitcodesoft.com\/index.php\/wp-json\/wp\/v2\/media?parent=50628"}],"wp:term":[{"taxonomy":"product_brand","embeddable":true,"href":"https:\/\/www.bitcodesoft.com\/index.php\/wp-json\/wp\/v2\/product_brand?post=50628"},{"taxonomy":"product_cat","embeddable":true,"href":"https:\/\/www.bitcodesoft.com\/index.php\/wp-json\/wp\/v2\/product_cat?post=50628"},{"taxonomy":"product_tag","embeddable":true,"href":"https:\/\/www.bitcodesoft.com\/index.php\/wp-json\/wp\/v2\/product_tag?post=50628"}],"curies":[{"name":"wp","href":"https:\/\/api.w.org\/{rel}","templated":true}]}}