{"id":50632,"date":"2017-05-14T12:45:40","date_gmt":"2017-05-14T12:45:40","guid":{"rendered":"http:\/\/www.bitcodesoft.com\/?post_type=product&#038;p=50632"},"modified":"2022-07-15T22:46:47","modified_gmt":"2022-07-15T22:46:47","slug":"tables","status":"publish","type":"product","link":"https:\/\/www.bitcodesoft.com\/index.php\/producto\/tables\/","title":{"rendered":"Tables"},"content":{"rendered":"<p>El plugin Tables permite desde Velneo tener una imagen de la organizaci\u00f3n del sal\u00f3n con la posici\u00f3n real de las mesas, es decir, puedes desplegar en en toda la pantalla un dibujo que simula la distribuci\u00f3n real de uno o varios salones.<\/p>\n","protected":false},"excerpt":{"rendered":"<p>Gesti\u00f3n visual de salones.<\/p>\n","protected":false},"featured_media":50623,"template":"","meta":[],"product_brand":[],"product_cat":[143,141],"product_tag":[],"class_list":{"0":"post-50632","1":"product","2":"type-product","3":"status-publish","4":"has-post-thumbnail","6":"product_cat-qml-velneo","7":"product_cat-velneo7","8":"description-off","10":"first","11":"instock","12":"downloadable","13":"virtual","14":"taxable","15":"purchasable","16":"product-type-simple"},"_links":{"self":[{"href":"https:\/\/www.bitcodesoft.com\/index.php\/wp-json\/wp\/v2\/product\/50632","targetHints":{"allow":["GET"]}}],"collection":[{"href":"https:\/\/www.bitcodesoft.com\/index.php\/wp-json\/wp\/v2\/product"}],"about":[{"href":"https:\/\/www.bitcodesoft.com\/index.php\/wp-json\/wp\/v2\/types\/product"}],"wp:featuredmedia":[{"embeddable":true,"href":"https:\/\/www.bitcodesoft.com\/index.php\/wp-json\/wp\/v2\/media\/50623"}],"wp:attachment":[{"href":"https:\/\/www.bitcodesoft.com\/index.php\/wp-json\/wp\/v2\/media?parent=50632"}],"wp:term":[{"taxonomy":"product_brand","embeddable":true,"href":"https:\/\/www.bitcodesoft.com\/index.php\/wp-json\/wp\/v2\/product_brand?post=50632"},{"taxonomy":"product_cat","embeddable":true,"href":"https:\/\/www.bitcodesoft.com\/index.php\/wp-json\/wp\/v2\/product_cat?post=50632"},{"taxonomy":"product_tag","embeddable":true,"href":"https:\/\/www.bitcodesoft.com\/index.php\/wp-json\/wp\/v2\/product_tag?post=50632"}],"curies":[{"name":"wp","href":"https:\/\/api.w.org\/{rel}","templated":true}]}}