{"id":52063,"date":"2021-04-29T08:21:25","date_gmt":"2021-04-29T08:21:25","guid":{"rendered":"https:\/\/www.bitcodesoft.com\/?post_type=product&#038;p=52063"},"modified":"2021-07-27T07:15:24","modified_gmt":"2021-07-27T07:15:24","slug":"zkteco-vfinguerprint","status":"publish","type":"product","link":"https:\/\/www.bitcodesoft.com\/index.php\/producto\/zkteco-vfinguerprint\/","title":{"rendered":"zkTeco vFinguerPrint"},"content":{"rendered":"<p>Diferencie sus aplicaciones de la competencia, aplicaciones para TPV, control de presencia, software de fidelizaci\u00f3n, software de gesti\u00f3n, software hospitalario, y mucho m\u00e1s.<\/p>\n","protected":false},"excerpt":{"rendered":"<p>Plugin scanner de huellas dactilares zkTeco para Velneo<\/p>\n","protected":false},"featured_media":52065,"template":"","meta":[],"product_brand":[],"product_cat":[144,141],"product_tag":[],"class_list":{"0":"post-52063","1":"product","2":"type-product","3":"status-publish","4":"has-post-thumbnail","6":"product_cat-plugins-velneo","7":"product_cat-velneo7","8":"description-off","10":"first","11":"instock","12":"downloadable","13":"taxable","14":"shipping-taxable","15":"purchasable","16":"product-type-simple"},"_links":{"self":[{"href":"https:\/\/www.bitcodesoft.com\/index.php\/wp-json\/wp\/v2\/product\/52063","targetHints":{"allow":["GET"]}}],"collection":[{"href":"https:\/\/www.bitcodesoft.com\/index.php\/wp-json\/wp\/v2\/product"}],"about":[{"href":"https:\/\/www.bitcodesoft.com\/index.php\/wp-json\/wp\/v2\/types\/product"}],"wp:featuredmedia":[{"embeddable":true,"href":"https:\/\/www.bitcodesoft.com\/index.php\/wp-json\/wp\/v2\/media\/52065"}],"wp:attachment":[{"href":"https:\/\/www.bitcodesoft.com\/index.php\/wp-json\/wp\/v2\/media?parent=52063"}],"wp:term":[{"taxonomy":"product_brand","embeddable":true,"href":"https:\/\/www.bitcodesoft.com\/index.php\/wp-json\/wp\/v2\/product_brand?post=52063"},{"taxonomy":"product_cat","embeddable":true,"href":"https:\/\/www.bitcodesoft.com\/index.php\/wp-json\/wp\/v2\/product_cat?post=52063"},{"taxonomy":"product_tag","embeddable":true,"href":"https:\/\/www.bitcodesoft.com\/index.php\/wp-json\/wp\/v2\/product_tag?post=52063"}],"curies":[{"name":"wp","href":"https:\/\/api.w.org\/{rel}","templated":true}]}}